{"id":1298,"date":"2024-07-15T10:14:19","date_gmt":"2024-07-15T08:14:19","guid":{"rendered":"https:\/\/entrainement.plateforms.fr\/?post_type=product&#038;p=1298"},"modified":"2024-07-15T10:14:24","modified_gmt":"2024-07-15T08:14:24","slug":"fleur-de-cbd-cannatonic","status":"publish","type":"product","link":"https:\/\/entrainement.plateforms.fr\/?product=fleur-de-cbd-cannatonic","title":{"rendered":"Fleur de CBD, Cannatonic"},"content":{"rendered":"<p style=\"font-weight: 400\">Toutes nos fleurs de CBD sont garanties sans sulfates, pesticides ni antifongiques. Elles sont naturelles et BIO, avec un taux de THC inf\u00e9rieur \u00e0 0,3%, conform\u00e9ment \u00e0 la l\u00e9gislation europ\u00e9enne.<\/p>\n<p style=\"font-weight: 400\">De plus, toutes nos fleurs sont inscrites au Catalogue Europ\u00e9en des vari\u00e9t\u00e9s homologu\u00e9es.<\/p>\n<p>&nbsp;<\/p>\n<p style=\"font-weight: 400\"><strong>Mode de consommation<\/strong><\/p>\n<p style=\"font-weight: 400\">Nos fleurs peuvent \u00eatre consomm\u00e9es de diverses mani\u00e8res :<\/p>\n<p style=\"font-weight: 400\">&#8211; En infusion : Laissez infuser pendant 30 minutes avec un corps gras (lait entier, lait de soja, lait d\u2019amande&#8230;).<\/p>\n<p style=\"font-weight: 400\">&#8211; En cuisine : Int\u00e9grez-les dans vos meilleures recettes.<\/p>\n<p style=\"font-weight: 400\">&#8211; En vaporisation : Utilisez un vaporisateur \u00e0 herbes pour \u00e9viter la combustion.<\/p>\n<p style=\"font-weight: 400\">Attention : Ne pas fumer. Le cannabidiol ne supporte pas la combustion, et fumer peut provoquer des maladies graves comme le cancer.<\/p>\n<p style=\"font-weight: 400\">Nos fleurs ont toutes un taux de THC inf\u00e9rieur \u00e0 0,3%, les rendant l\u00e9gales dans toute l\u2019Europe. Nous testons chaque lot en laboratoire pour garantir cette conformit\u00e9.<\/p>\n","protected":false},"excerpt":{"rendered":"<p>Fleur de CBD<\/p>\n","protected":false},"featured_media":1312,"comment_status":"open","ping_status":"closed","template":"","meta":[],"product_cat":[22,23],"product_tag":[24,25,26,28],"class_list":{"0":"post-1298","1":"product","2":"type-product","3":"status-publish","4":"has-post-thumbnail","6":"product_cat-cbd","7":"product_cat-fleur-cbd","8":"product_tag-cbd","9":"product_tag-cbd-fruite","10":"product_tag-fleurs-de-cbd","11":"product_tag-limoncello","13":"first","14":"instock","15":"taxable","16":"shipping-taxable","17":"purchasable","18":"product-type-variable"},"_links":{"self":[{"href":"https:\/\/entrainement.plateforms.fr\/index.php?rest_route=\/wp\/v2\/product\/1298","targetHints":{"allow":["GET"]}}],"collection":[{"href":"https:\/\/entrainement.plateforms.fr\/index.php?rest_route=\/wp\/v2\/product"}],"about":[{"href":"https:\/\/entrainement.plateforms.fr\/index.php?rest_route=\/wp\/v2\/types\/product"}],"replies":[{"embeddable":true,"href":"https:\/\/entrainement.plateforms.fr\/index.php?rest_route=%2Fwp%2Fv2%2Fcomments&post=1298"}],"wp:featuredmedia":[{"embeddable":true,"href":"https:\/\/entrainement.plateforms.fr\/index.php?rest_route=\/wp\/v2\/media\/1312"}],"wp:attachment":[{"href":"https:\/\/entrainement.plateforms.fr\/index.php?rest_route=%2Fwp%2Fv2%2Fmedia&parent=1298"}],"wp:term":[{"taxonomy":"product_cat","embeddable":true,"href":"https:\/\/entrainement.plateforms.fr\/index.php?rest_route=%2Fwp%2Fv2%2Fproduct_cat&post=1298"},{"taxonomy":"product_tag","embeddable":true,"href":"https:\/\/entrainement.plateforms.fr\/index.php?rest_route=%2Fwp%2Fv2%2Fproduct_tag&post=1298"}],"curies":[{"name":"wp","href":"https:\/\/api.w.org\/{rel}","templated":true}]}}