{"id":1350,"date":"2024-07-15T10:14:33","date_gmt":"2024-07-15T08:14:33","guid":{"rendered":"https:\/\/entrainement.plateforms.fr\/?post_type=product&#038;p=1350"},"modified":"2024-07-15T10:14:50","modified_gmt":"2024-07-15T08:14:50","slug":"huile-cbd-fresh","status":"publish","type":"product","link":"https:\/\/entrainement.plateforms.fr\/?product=huile-cbd-fresh","title":{"rendered":"Huile CBD, Fresh"},"content":{"rendered":"<p><strong>La dose th\u00e9orique de CBD selon le poids corporel<\/strong><\/p>\n<p>Pour d\u00e9terminer le pourcentage optimal de CBD, une m\u00e9thode classique consiste \u00e0 se baser sur le poids corporel. En g\u00e9n\u00e9ral, les personnes avec une masse corporelle plus \u00e9lev\u00e9e n\u00e9cessiteront une concentration de CBD plus importante. La dose moyenne recommand\u00e9e est d&rsquo;environ 0,5 mg de CBD par kilogramme de poids corporel par jour. Par exemple, pour une personne pesant 90 kg, la dose quotidienne serait d&rsquo;environ 45 mg de CBD, soit environ 8 \u00e0 9 gouttes. Pour une personne de 70 kg, la dose serait d&rsquo;environ 35 mg de CBD par jour, soit environ 6 \u00e0 7 gouttes.<\/p>\n<p><strong>La chimie corporelle<\/strong><\/p>\n<p>Il est important de noter que la sensibilit\u00e9 au CBD varie consid\u00e9rablement en fonction du syst\u00e8me endocannabino\u00efde de chaque individu, et pas uniquement selon le poids corporel. Ainsi, il n&rsquo;existe pas de posologie universelle ou de recommandation officielle valable pour tous. Nous conseillons de commencer avec une faible dose de CBD (1 \u00e0 2 gouttes le premier jour) et d&rsquo;augmenter progressivement la quantit\u00e9 si les effets sont insuffisants. La r\u00e9ponse corporelle au CBD diff\u00e8re d&rsquo;une personne \u00e0 l&rsquo;autre, donc un dosage efficace pour quelqu&rsquo;un peut ne pas l&rsquo;\u00eatre pour un autre.<\/p>\n<p>Apr\u00e8s avoir calcul\u00e9 votre dose th\u00e9orique bas\u00e9e sur votre poids corporel, il est essentiel de r\u00e9\u00e9valuer ce dosage en fonction de la r\u00e9action de votre corps au CBD. Si les effets sont insuffisants, augmentez graduellement la dose jusqu&rsquo;\u00e0 trouver celle qui vous convient.<\/p>\n<p><strong>Comment conserver son CBD ?<\/strong><\/p>\n<p>Pour maintenir les bienfaits de l&rsquo;huile de CBD, il est crucial de la conserver correctement. Une huile mal conserv\u00e9e peut perdre sa concentration en cannabino\u00efdes et certains de ses effets. Voici quelques r\u00e8gles pour une bonne conservation de l&rsquo;huile de CBD :<\/p>\n<p>* Rangez-la dans un endroit sombre et frais.<\/p>\n<p>* \u00c9vitez le contact avec la chaleur et l&rsquo;humidit\u00e9.<\/p>\n<p>Cependant, m\u00eame bien conserv\u00e9e, les composants actifs de l&rsquo;huile de CBD se d\u00e9gradent avec le temps. \u00c0 l&rsquo;abri de la chaleur et de la lumi\u00e8re, l&rsquo;huile de CBD peut se conserver pendant environ deux ans.<\/p>\n","protected":false},"excerpt":{"rendered":"<p>Huile Sublinguale de CBD<\/p>\n<p><strong>15ML<\/strong><\/p>\n","protected":false},"featured_media":1375,"comment_status":"open","ping_status":"closed","template":"","meta":[],"product_cat":[22,39,40],"product_tag":[24,26,41,42],"class_list":{"0":"post-1350","1":"product","2":"type-product","3":"status-publish","4":"has-post-thumbnail","6":"product_cat-cbd","7":"product_cat-huile-cbd","8":"product_cat-ventes-flash","9":"product_tag-cbd","10":"product_tag-fleurs-de-cbd","11":"product_tag-huile-cbd","12":"product_tag-huile-sublinguale","14":"first","15":"instock","16":"taxable","17":"shipping-taxable","18":"purchasable","19":"product-type-variable"},"_links":{"self":[{"href":"https:\/\/entrainement.plateforms.fr\/index.php?rest_route=\/wp\/v2\/product\/1350","targetHints":{"allow":["GET"]}}],"collection":[{"href":"https:\/\/entrainement.plateforms.fr\/index.php?rest_route=\/wp\/v2\/product"}],"about":[{"href":"https:\/\/entrainement.plateforms.fr\/index.php?rest_route=\/wp\/v2\/types\/product"}],"replies":[{"embeddable":true,"href":"https:\/\/entrainement.plateforms.fr\/index.php?rest_route=%2Fwp%2Fv2%2Fcomments&post=1350"}],"wp:featuredmedia":[{"embeddable":true,"href":"https:\/\/entrainement.plateforms.fr\/index.php?rest_route=\/wp\/v2\/media\/1375"}],"wp:attachment":[{"href":"https:\/\/entrainement.plateforms.fr\/index.php?rest_route=%2Fwp%2Fv2%2Fmedia&parent=1350"}],"wp:term":[{"taxonomy":"product_cat","embeddable":true,"href":"https:\/\/entrainement.plateforms.fr\/index.php?rest_route=%2Fwp%2Fv2%2Fproduct_cat&post=1350"},{"taxonomy":"product_tag","embeddable":true,"href":"https:\/\/entrainement.plateforms.fr\/index.php?rest_route=%2Fwp%2Fv2%2Fproduct_tag&post=1350"}],"curies":[{"name":"wp","href":"https:\/\/api.w.org\/{rel}","templated":true}]}}